{"id":1851,"date":"2022-12-04T12:34:35","date_gmt":"2022-12-04T11:34:35","guid":{"rendered":"https:\/\/galeriedoria.com\/documents-2\/"},"modified":"2023-10-02T11:41:03","modified_gmt":"2023-10-02T09:41:03","slug":"documents","status":"publish","type":"page","link":"https:\/\/galeriedoria.com\/en\/ressources\/documents\/","title":{"rendered":"Documents"},"content":{"rendered":"<section class=\"wpb-content-wrapper\"><p>[vc_row css_animation=&#8221;&#8221; row_type=&#8221;row&#8221; use_row_as_full_screen_section=&#8221;no&#8221; type=&#8221;grid&#8221; angled_section=&#8221;no&#8221; text_align=&#8221;left&#8221; background_image_as_pattern=&#8221;without_pattern&#8221; z_index=&#8221;&#8221;][vc_column][vc_empty_space height=&#8221;150px&#8221;][vc_column_text]<\/p>\n<h1>Documents<\/h1>\n<p>[\/vc_column_text][vc_separator css_animation=&#8221;none&#8221; type=&#8221;normal&#8221; color=&#8221;#0a0a0a&#8221; thickness=&#8221;2&#8243;][vc_empty_space height=&#8221;10px&#8221;][vc_column_text el_class=&#8221;expo-categorie&#8221;]<\/p>\n<p style=\"text-align: right;\"><strong>UAM<\/strong>\u00a0 \u00a0 \u00a0 <strong><a href=\"#\">other documents<\/a><\/strong><\/p>\n<p>[\/vc_column_text][vc_empty_space height=&#8221;50px&#8221;][vc_gallery interval=&#8221;3&#8243; images=&#8221;845,846,847,848,786&#8243; img_size=&#8221;full&#8221;][\/vc_column][\/vc_row][vc_row css_animation=&#8221;&#8221; row_type=&#8221;row&#8221; use_row_as_full_screen_section=&#8221;no&#8221; type=&#8221;full_width&#8221; angled_section=&#8221;no&#8221; text_align=&#8221;left&#8221; background_image_as_pattern=&#8221;without_pattern&#8221;][vc_column width=&#8221;5\/6&#8243;][vc_column_text]<\/p>\n<h2>UNION DES ARTISTES MODERNES<\/h2>\n<p><span style=\"color: #ffffff;\">.<\/span><\/p>\n<h5><\/h5>\n<p>[\/vc_column_text][vc_separator css_animation=&#8221;none&#8221; type=&#8221;normal&#8221; color=&#8221;#0a0a0a&#8221; thickness=&#8221;2&#8243;][vc_empty_space height=&#8221;50px&#8221;][vc_column_text]<\/p>\n<div style=\"text-align: justify;\">\n<p style=\"font-weight: 400;\"><strong>The French modernist movement united a group of creators from different fields, bound by a commonality of thought and principles, who decided to associate with each other after their departure in 1929 from the <em>Salon des Artistes D\u00e9corateurs<\/em> (SAD) <\/strong><strong>where they were exhibiting up to that point.<\/strong><a href=\"applewebdata:\/\/6D942208-FB54-4930-B148-EAE6E44D47EB#_ftnref1\" name=\"_ftn1\"><\/a><\/p>\n<\/div>\n<p>[\/vc_column_text][vc_empty_space height=&#8221;50px&#8221;][vc_separator css_animation=&#8221;none&#8221; type=&#8221;normal&#8221; color=&#8221;#0a0a0a&#8221; thickness=&#8221;2&#8243;][vc_empty_space height=&#8221;50px&#8221;][\/vc_column][vc_column width=&#8221;1\/6&#8243;][\/vc_column][\/vc_row][vc_row css_animation=&#8221;&#8221; row_type=&#8221;row&#8221; use_row_as_full_screen_section=&#8221;no&#8221; type=&#8221;full_width&#8221; angled_section=&#8221;no&#8221; text_align=&#8221;left&#8221; background_image_as_pattern=&#8221;without_pattern&#8221;][vc_column width=&#8221;5\/6&#8243;][vc_column_text]<\/p>\n<div style=\"text-align: justify;\">\n<p style=\"font-weight: 400;\">A Union born of a split from the art establishment of the period whose influence prevailed at the <em>SAD<\/em>, with the common goal of revitalising furniture creation in France through, for example, the application of architectural principles to the decorative arts and the use of new materials.<br \/>\n<span style=\"color: #ffffff;\">.<\/span><\/p>\n<p style=\"font-weight: 400;\">The Union of Modern Artists was created on 15<sup>th<\/sup> May 1929 by a constituent assembly which met at the registered office of the association, at the home of H\u00e9l\u00e8ne Henry, 7, rue des Grands-Augustins in Paris. The steering committee comprised H\u00e9l\u00e8ne Henry, Ren\u00e9 Herbst, Francis Jourdain and Robert Mallet-Stevens; Raymond Templier was the secretary and treasurer. The founding members were Pierre Barbe, Louis Barillet, Jean Burkhalter, Joseph Csaky, Etienne Cournault, Sonia Delaunay, Jean Fouquet, Eileen Gray, Robert Lallemant, Jacques Le Chevallier Pierre Legrain, Pablo Manes, Jan and Joe\u0308l Martel, Gustave Miklos, Charlotte Perriand, Jean Prouve\u0301, Jean Puiforcat, Andr\u00e9\u0301 Salomon and G\u00e9rard Sandoz. Pierre Chareau joined the association the following year and, alone among the moderns, Djo Bourgeois did not join the movement.<br \/>\n<span style=\"color: #ffffff;\">.<\/span><\/p>\n<p style=\"font-weight: 400;\">The group developed the principles of the association and its rules and decided at that point, to exhibit together each year, thus shunning the annual exhibitions of the <em>Salon des Artistes D\u00e9corateurs<\/em> where they had been held in low esteem for several years already.<br \/>\n<span style=\"color: #ffffff;\">.<\/span><\/p>\n<p style=\"font-weight: 400;\">The goal of the association was to gather artists with similar tendencies and spirit, to combine their efforts and to ensure its expression by means of an annual exhibition in Paris and a propaganda bulletin. A list of both French and foreign members came to consolidate this birth, which led to a first exhibition at the Pavillon de Marsan by the <em>Union Centrale des Arts D\u00e9coratifs<\/em>\u00a0from 11<sup>th<\/sup> June to 14<sup>th<\/sup> July 1930. The exhibition sought to be innovative and presented an opening up of the artistic disciplines and a gateway to the most modern foreign creators as demonstrated by the invitations to Gerrit Rietveld and Bart Van Der Leck, Dutch creators belonging to the <em>De Stijl<\/em> movement. At le same temps, the <em>Soci\u00e9t\u00e9\u0301 des artistes D\u00e9corateurs<\/em>received the <em>Deutscher Werkbund<\/em> and the <em>Bauhaus<\/em>, at the <em>Grand Palais<\/em>, represented by Walter Gropius, Laszlo Moholy-Nagy, Marcel Breuer and Herbert Bayer.<br \/>\n<span style=\"color: #ffffff;\">.<\/span><\/p>\n<p style=\"font-weight: 400;\">Despite the indisputable quality of the works exhibited, the first presentation of the <em>UAM<\/em> remained attached to separation by stalls which prompted lively debate among the members. The <em>UAM<\/em> made known its intentions immediately, in the presentation brochure accompanying the exhibition, which favoured the rise of understated furniture, stripped of all superfluous ornamentation, following the example of Francis Jourdain the \u201cmodern therapist\u201d who was against the majority of available furniture which was most often made in a historical style. The overall organisation was entrusted to Robert Mallet-Stevens; the entrance hall was highlighted by an illuminated frieze by Andr\u00e9\u0301 Salomon and the sculptures of Jan and Joe\u0308l Martel. Le Corbusier, Pierre Jeanneret and Charlotte Perriand displayed the interior equipment of a residence, exhibited at the <em>Salon d\u2019Automne<\/em> of 1929, based on the system of standard metallic coffers. Robert Lallemant submitted a nautical-style rest area with a table in glass and chrome metal, Rene\u0301 Herbst, a piano for <em>la maison Pleyel<\/em>, a nickel-plated bridge table and Sandows chairs. Louis Sognot et Charlotte Alix exhibited a boardroom, which could be transformed into a work room created for <em>Laboratoires Roussel<\/em> and furniture designed for the Palace of the Maharajah of Indore; \u00c9mile Guillot, a set of office furniture produced by Thonet, Jean Burkhalter, a Lounge comprising chairs in painted metal tubing and cord and carpets. Pierre Chareau presented a large library and a secretaire bureau in forged iron and pearwood. The latest furniture by Jean Prouv\u00e9 could be seen in the sculpture hall decorated by Jean Carlu posters. Also on display, were ornaments by Etienne Cournault, jewellery by Jean Puiforcat, jewels by Jean Fouquet and Raymond Templier. The first thirty-two members of the <em>UAM<\/em> were represented (over time the membership would extend to more than 300): Pierre Barbe, Louis Barillet, Georges Bastard, Jean Burkhalter, Jean Carlu, Paul Colin, who produced the posters for this exhibition, Etienne Cournault, Josef Csaky, Sonia Delaunay, Jean Dourgnon, Jean Fouquet, Eileen Gray, H\u00e9l\u00e8ne Henry, Rene\u0301 Herbst, Lucie Holt-Le-Son, Francis Jourdain, Robert Lallemant, Jacques Le Chevallier, works by Pierre Legrain, creator of the <em>UAM<\/em> logo who had just died, Robert Mallet- Stevens, Pablo Manes, Jan et Joe\u0308l Martel, Gustave Miklos, Jean-Charles Moreux, Charlotte Perriand, Jean Prouve\u0301, Jean Puiforcat, Andr\u00e9\u0301 Salomon, G\u00e9rard Sandoz, Louis Sognot et Charlotte Alix, Raymond Templier. Among the invited artists were Pierre Chareau, Marcel Gascoin, Alfred Gellhorn, Jean Ginsberg, Blanche J. Klotz, Jean-Lambert Rucki, Eyre de Lanux and Evelyn Wild, Gerrit Rietveld and Bart van der Leck, Claude Le\u0301vy, Berthold Lubetkin, H\u00e9l\u00e8ne de Mandrot, Man Ray, Emanuel-Josef Margold, Joseph Nicolas, and Willem Pennat.<br \/>\n<span style=\"color: #ffffff;\">.<\/span><\/p>\n<p style=\"font-weight: 400;\">Admission to the group was strict since two votes against a candidate\u2019s entry sufficed to prohibit access; this was to maintain a strong cohesion between the different members and guests. Active members of the Union undertook to hold their annual exhibition within the framework of the <em>UAM<\/em> where, as they claimed, they exhibited their works together.<br \/>\n<span style=\"color: #ffffff;\">.<\/span><\/p>\n<p style=\"font-weight: 400;\">Numerous detractors criticised their creations as being cold and clinical; or even for being out of touch with thereality of the needs of simple folk, who didn\u2019t really have the means to buy themselves a bar or rocking chair in nickel-plated tubing.<br \/>\n<span style=\"color: #ffffff;\">.<\/span><\/p>\n<p style=\"font-weight: 400;\">Paradoxically, although the <em>UAM<\/em> creators stand up for a social art, their proposals remained unknown by manufacturers and they would, by necessity, be bound to patron-clients and luxury craftmanship favouring quality over distribution.<br \/>\n<span style=\"color: #ffffff;\">.<\/span><\/p>\n<p style=\"font-weight: 400;\">An attempted partnership of the <em>UAM<\/em> with manufacturers and the <em>Architecture d\u2019aujourd\u2019hui\u00a0<\/em>magazine failed. Nevertheless, a fruitful collaboration and the creation of a permanent exchange commission saw the light of day between the <em>UAM<\/em> and the <em>Office Technique<\/em> <em>pour l\u2019utilisation de l\u2019Acier<\/em> (<em>OTUA<\/em>) whereby creators of form and producers of materials, proposed to study together the organisation of ship cabins. These projects did not, however, reach a successful conclusion.<br \/>\n<span style=\"color: #ffffff;\">.<\/span><\/p>\n<p style=\"font-weight: 400;\">In addition to these difficulties the arrival of an economic crisis which hit France in 1932 did not make the task any easier for the creators of the <em>UAM<\/em>. At the 3<sup>rd<\/sup> trade fair at the Pavillon de Marsan, Carlu\u2019s poster\u00a0<em>Pour le d\u00e9sarmement des nations<\/em>\u00a0(\u201cFor the disarmament of nations\u201d) provoked an uproar and the withdrawal of the poster by the <em>UCAD<\/em>. Even if the split with the <em>Union Centrale des Arts D\u00e9coratifs<\/em> taken into consideration, the trade show was nevertheless a success despite its numerous detractors, amongst whom were Camille Mauclair and Paul Iribe who criticised the \u201coverly Germanic\u201d inspiration of their creations. Paul Iribe would go as far as publishing a petition for the protection of luxury industries against the unpleasant effects of a creeping rationalism which threatened to kill them off. The fear of the foreign added to a strong nationalist sentiment, which led a number of critics to fear that the modernists had lost their own identity and the <em>UAM<\/em> was especially targeted by these accusations of collaboration with the Germans or the Soviets.<br \/>\n<span style=\"color: #ffffff;\">.<\/span><\/p>\n<p style=\"font-weight: 400;\">The trade fair of 1933 would be the last organised by the <em>UAM<\/em>; it was held due to the refusal of the <em>UCAD<\/em> to host them at the <em>Galerie de la Renaissance<\/em> from 30<sup>th<\/sup> May to 28<sup>th<\/sup> June.<br \/>\n<span style=\"color: #ffffff;\">.<\/span><\/p>\n<p style=\"font-weight: 400;\">En 1934, the year in which painters were officially invited to active members of the UAM, the group was invited by the <em>Salon des Arts M\u00e9nagers<\/em>\u00a0to participate in the first <em>Exposition de l\u2019Habitation<\/em>\u00a0organised by the <em>Architecture Aujourd\u2019hui <\/em><em>magazine<\/em>.<br \/>\n<span style=\"color: #ffffff;\">.<\/span><\/p>\n<p style=\"font-weight: 400;\">That same year, the <em>UAM<\/em>\u2019s manifesto\u00a0<em>Pour l\u2019Art Moderne, Cadre de la vie contemporaine<\/em><em>,<\/em><em>\u00a0<\/em>drafted by Louis Ch\u00e9ronnet was presented during a soir\u00e9e at the home of Robert Mallet-Stevens on 5th July 1934. This text was drafted to explain their common approach and to respond to all the most recurrent attacks confronting the creators of the <em>UAM<\/em>. A number of invitations replaced the group\u2019s annual trade show: the <em>Salon d\u2019Automne<\/em> trade show of 1934 and 1936, the <em>Salon de la Lumi\u00e8re<\/em> trade show in 1934 and 1935, and the <em>Salon des Arts M\u00e9nagers<\/em> trade show of 1937.<br \/>\n<span style=\"color: #ffffff;\">.<\/span><\/p>\n<p style=\"font-weight: 400;\">Of course, the group was not invited to the Brussels International Exposition in 1935 but the architecture category was awarded to Pierre Chareau and the Urbanism category to Ren\u00e9 Herbst.<br \/>\n<span style=\"color: #ffffff;\">.<\/span><\/p>\n<p style=\"font-weight: 400;\">1937\u2019s International Exhibition of Arts and Technology was the last event to feature the <em>UAM<\/em> before the Second World War and the dispersion of its members, but the conditions set before them for exhibiting did not really satisfy the requirements of the group. Strictly speaking there would be no <em>Bazaar<\/em>, a collection of everyday objects and, even if part of the space was collective, the exhibition would again essentially be in the form of stands. Numerous Pavilions were produced by the members of the <em>UAM<\/em>. They would have to await the end of the war and the reformation of the <em>UAM<\/em> presided over by Ren\u00e9 Herbst, but without Robert Mallet-Stevens who had died and Pierre Chareau who was in the United States, for the idea of the \u201cBazaar of quality everyday objects\u201d which had been unsuccessfully launched by Francis Jourdain in 1925 and 1937, to be finally applied. This resulted in the birth of \u201c<em>Formes Utiles, Objets de notre Temps<\/em>\u201d (\u201cUseful shapes: Objects of our time\u201d) in 1949, the first exhibition presented by the <em>UAM<\/em> after the war as part of the <em>Salon des Arts M\u00e9nagers<\/em> at the <em>Mus\u00e9e des Arts D\u00e9coratifs<\/em> (Museum of Decorative Arts). The exhibition showed that there existed everyday objects produced by artisans or by industry, at an affordable price that contributed to the well-being of everyone. L\u2019exhibition was complemented by a new manifesto in 1949 reaffirming the objectives of the collective. Division was inevitable. \u201c<em>Formes Utiles<\/em>\u201d gradually withdrew from the <em>UAM, <\/em>becoming an independent association with Ren\u00e9\u00a0Herbst as president, on 17<sup>th<\/sup> December 1956. The <em>UAM<\/em>was finally dissolved on 18<sup>th<\/sup> December 1958.<\/p>\n<p style=\"font-weight: 400;\"><strong>\u00a0<\/strong><\/p>\n<p><a href=\"applewebdata:\/\/98467474-4462-4AC3-8C64-3653EFDB6C85#_ftnref1\" name=\"_ftn1\"><\/a><\/p>\n<\/div>\n<p>[\/vc_column_text][vc_empty_space height=&#8221;50px&#8221;][vc_separator css_animation=&#8221;none&#8221; type=&#8221;normal&#8221; color=&#8221;#0a0a0a&#8221; thickness=&#8221;2&#8243;][vc_empty_space height=&#8221;200px&#8221;][\/vc_column][vc_column width=&#8221;1\/6&#8243;][\/vc_column][\/vc_row]<\/p>\n<\/section>","protected":false},"excerpt":{"rendered":"<p>[vc_row css_animation=&#8221;&#8221; row_type=&#8221;row&#8221; use_row_as_full_screen_section=&#8221;no&#8221; type=&#8221;grid&#8221; angled_section=&#8221;no&#8221; text_align=&#8221;left&#8221; background_image_as_pattern=&#8221;without_pattern&#8221; z_index=&#8221;&#8221;][vc_column][vc_empty_space height=&#8221;150px&#8221;][vc_column_text] Documents [\/vc_column_text][vc_separator css_animation=&#8221;none&#8221; type=&#8221;normal&#8221; color=&#8221;#0a0a0a&#8221; thickness=&#8221;2&#8243;][vc_empty_space height=&#8221;10px&#8221;][vc_column_text el_class=&#8221;expo-categorie&#8221;] UAM\u00a0 \u00a0 \u00a0 other documents [\/vc_column_text][vc_empty_space height=&#8221;50px&#8221;][vc_gallery interval=&#8221;3&#8243; images=&#8221;845,846,847,848,786&#8243; img_size=&#8221;full&#8221;][\/vc_column][\/vc_row][vc_row css_animation=&#8221;&#8221; row_type=&#8221;row&#8221; use_row_as_full_screen_section=&#8221;no&#8221; type=&#8221;full_width&#8221; angled_section=&#8221;no&#8221; text_align=&#8221;left&#8221; background_image_as_pattern=&#8221;without_pattern&#8221;][vc_column width=&#8221;5\/6&#8243;][vc_column_text] UNION DES ARTISTES MODERNES . [\/vc_column_text][vc_separator css_animation=&#8221;none&#8221; type=&#8221;normal&#8221; color=&#8221;#0a0a0a&#8221;&#8230;<\/p>\n","protected":false},"author":1,"featured_media":0,"parent":1861,"menu_order":1,"comment_status":"closed","ping_status":"closed","template":"","meta":{"footnotes":""},"class_list":["post-1851","page","type-page","status-publish","hentry"],"yoast_head":"<!-- This site is optimized with the Yoast SEO plugin v20.0 - https:\/\/yoast.com\/wordpress\/plugins\/seo\/ -->\n<title>Documents - Galerie Doria<\/title>\n<meta name=\"robots\" content=\"index, follow, max-snippet:-1, max-image-preview:large, max-video-preview:-1\" \/>\n<link rel=\"canonical\" href=\"https:\/\/galeriedoria.com\/en\/ressources\/documents\/\" \/>\n<meta property=\"og:locale\" content=\"en_US\" \/>\n<meta property=\"og:type\" content=\"article\" \/>\n<meta property=\"og:title\" content=\"Documents - Galerie Doria\" \/>\n<meta property=\"og:description\" content=\"[vc_row css_animation=&#8221;&#8221; row_type=&#8221;row&#8221; use_row_as_full_screen_section=&#8221;no&#8221; type=&#8221;grid&#8221; angled_section=&#8221;no&#8221; text_align=&#8221;left&#8221; background_image_as_pattern=&#8221;without_pattern&#8221; z_index=&#8221;&#8221;][vc_column][vc_empty_space height=&#8221;150px&#8221;][vc_column_text] Documents [\/vc_column_text][vc_separator css_animation=&#8221;none&#8221; type=&#8221;normal&#8221; color=&#8221;#0a0a0a&#8221; thickness=&#8221;2&#8243;][vc_empty_space height=&#8221;10px&#8221;][vc_column_text el_class=&#8221;expo-categorie&#8221;] UAM\u00a0 \u00a0 \u00a0 other documents [\/vc_column_text][vc_empty_space height=&#8221;50px&#8221;][vc_gallery interval=&#8221;3&#8243; images=&#8221;845,846,847,848,786&#8243; img_size=&#8221;full&#8221;][\/vc_column][\/vc_row][vc_row css_animation=&#8221;&#8221; row_type=&#8221;row&#8221; use_row_as_full_screen_section=&#8221;no&#8221; type=&#8221;full_width&#8221; angled_section=&#8221;no&#8221; text_align=&#8221;left&#8221; background_image_as_pattern=&#8221;without_pattern&#8221;][vc_column width=&#8221;5\/6&#8243;][vc_column_text] UNION DES ARTISTES MODERNES . [\/vc_column_text][vc_separator css_animation=&#8221;none&#8221; type=&#8221;normal&#8221; color=&#8221;#0a0a0a&#8221;...\" \/>\n<meta property=\"og:url\" content=\"https:\/\/galeriedoria.com\/en\/ressources\/documents\/\" \/>\n<meta property=\"og:site_name\" content=\"Galerie Doria\" \/>\n<meta property=\"article:publisher\" content=\"https:\/\/www.facebook.com\/profile.php?id=100089701146059\" \/>\n<meta property=\"article:modified_time\" content=\"2023-10-02T09:41:03+00:00\" \/>\n<meta name=\"twitter:card\" content=\"summary_large_image\" \/>\n<meta name=\"twitter:label1\" content=\"Est. reading time\" \/>\n\t<meta name=\"twitter:data1\" content=\"9 minutes\" \/>\n<script type=\"application\/ld+json\" class=\"yoast-schema-graph\">{\"@context\":\"https:\/\/schema.org\",\"@graph\":[{\"@type\":\"WebPage\",\"@id\":\"https:\/\/galeriedoria.com\/en\/ressources\/documents\/\",\"url\":\"https:\/\/galeriedoria.com\/en\/ressources\/documents\/\",\"name\":\"Documents - Galerie Doria\",\"isPartOf\":{\"@id\":\"https:\/\/galeriedoria.com\/#website\"},\"datePublished\":\"2022-12-04T11:34:35+00:00\",\"dateModified\":\"2023-10-02T09:41:03+00:00\",\"breadcrumb\":{\"@id\":\"https:\/\/galeriedoria.com\/en\/ressources\/documents\/#breadcrumb\"},\"inLanguage\":\"en-US\",\"potentialAction\":[{\"@type\":\"ReadAction\",\"target\":[\"https:\/\/galeriedoria.com\/en\/ressources\/documents\/\"]}]},{\"@type\":\"BreadcrumbList\",\"@id\":\"https:\/\/galeriedoria.com\/en\/ressources\/documents\/#breadcrumb\",\"itemListElement\":[{\"@type\":\"ListItem\",\"position\":1,\"name\":\"Accueil\",\"item\":\"https:\/\/galeriedoria.com\/en\/\"},{\"@type\":\"ListItem\",\"position\":2,\"name\":\"Ressources\",\"item\":\"https:\/\/galeriedoria.com\/en\/ressources\/\"},{\"@type\":\"ListItem\",\"position\":3,\"name\":\"Documents\"}]},{\"@type\":\"WebSite\",\"@id\":\"https:\/\/galeriedoria.com\/#website\",\"url\":\"https:\/\/galeriedoria.com\/\",\"name\":\"Galerie Doria\",\"description\":\"Galerie Doria\",\"publisher\":{\"@id\":\"https:\/\/galeriedoria.com\/#organization\"},\"potentialAction\":[{\"@type\":\"SearchAction\",\"target\":{\"@type\":\"EntryPoint\",\"urlTemplate\":\"https:\/\/galeriedoria.com\/?s={search_term_string}\"},\"query-input\":\"required name=search_term_string\"}],\"inLanguage\":\"en-US\"},{\"@type\":\"Organization\",\"@id\":\"https:\/\/galeriedoria.com\/#organization\",\"name\":\"Galerie Doria\",\"url\":\"https:\/\/galeriedoria.com\/\",\"logo\":{\"@type\":\"ImageObject\",\"inLanguage\":\"en-US\",\"@id\":\"https:\/\/galeriedoria.com\/#\/schema\/logo\/image\/\",\"url\":\"https:\/\/galeriedoria.com\/wp-content\/uploads\/2022\/12\/1.DORIA_.logogris.jpg\",\"contentUrl\":\"https:\/\/galeriedoria.com\/wp-content\/uploads\/2022\/12\/1.DORIA_.logogris.jpg\",\"width\":2414,\"height\":349,\"caption\":\"Galerie Doria\"},\"image\":{\"@id\":\"https:\/\/galeriedoria.com\/#\/schema\/logo\/image\/\"},\"sameAs\":[\"https:\/\/www.instagram.com\/galeriedoria\/\",\"https:\/\/www.facebook.com\/profile.php?id=100089701146059\"]}]}<\/script>\n<!-- \/ Yoast SEO plugin. -->","yoast_head_json":{"title":"Documents - Galerie Doria","robots":{"index":"index","follow":"follow","max-snippet":"max-snippet:-1","max-image-preview":"max-image-preview:large","max-video-preview":"max-video-preview:-1"},"canonical":"https:\/\/galeriedoria.com\/en\/ressources\/documents\/","og_locale":"en_US","og_type":"article","og_title":"Documents - Galerie Doria","og_description":"[vc_row css_animation=&#8221;&#8221; row_type=&#8221;row&#8221; use_row_as_full_screen_section=&#8221;no&#8221; type=&#8221;grid&#8221; angled_section=&#8221;no&#8221; text_align=&#8221;left&#8221; background_image_as_pattern=&#8221;without_pattern&#8221; z_index=&#8221;&#8221;][vc_column][vc_empty_space height=&#8221;150px&#8221;][vc_column_text] Documents [\/vc_column_text][vc_separator css_animation=&#8221;none&#8221; type=&#8221;normal&#8221; color=&#8221;#0a0a0a&#8221; thickness=&#8221;2&#8243;][vc_empty_space height=&#8221;10px&#8221;][vc_column_text el_class=&#8221;expo-categorie&#8221;] UAM\u00a0 \u00a0 \u00a0 other documents [\/vc_column_text][vc_empty_space height=&#8221;50px&#8221;][vc_gallery interval=&#8221;3&#8243; images=&#8221;845,846,847,848,786&#8243; img_size=&#8221;full&#8221;][\/vc_column][\/vc_row][vc_row css_animation=&#8221;&#8221; row_type=&#8221;row&#8221; use_row_as_full_screen_section=&#8221;no&#8221; type=&#8221;full_width&#8221; angled_section=&#8221;no&#8221; text_align=&#8221;left&#8221; background_image_as_pattern=&#8221;without_pattern&#8221;][vc_column width=&#8221;5\/6&#8243;][vc_column_text] UNION DES ARTISTES MODERNES . [\/vc_column_text][vc_separator css_animation=&#8221;none&#8221; type=&#8221;normal&#8221; color=&#8221;#0a0a0a&#8221;...","og_url":"https:\/\/galeriedoria.com\/en\/ressources\/documents\/","og_site_name":"Galerie Doria","article_publisher":"https:\/\/www.facebook.com\/profile.php?id=100089701146059","article_modified_time":"2023-10-02T09:41:03+00:00","twitter_card":"summary_large_image","twitter_misc":{"Est. reading time":"9 minutes"},"schema":{"@context":"https:\/\/schema.org","@graph":[{"@type":"WebPage","@id":"https:\/\/galeriedoria.com\/en\/ressources\/documents\/","url":"https:\/\/galeriedoria.com\/en\/ressources\/documents\/","name":"Documents - Galerie Doria","isPartOf":{"@id":"https:\/\/galeriedoria.com\/#website"},"datePublished":"2022-12-04T11:34:35+00:00","dateModified":"2023-10-02T09:41:03+00:00","breadcrumb":{"@id":"https:\/\/galeriedoria.com\/en\/ressources\/documents\/#breadcrumb"},"inLanguage":"en-US","potentialAction":[{"@type":"ReadAction","target":["https:\/\/galeriedoria.com\/en\/ressources\/documents\/"]}]},{"@type":"BreadcrumbList","@id":"https:\/\/galeriedoria.com\/en\/ressources\/documents\/#breadcrumb","itemListElement":[{"@type":"ListItem","position":1,"name":"Accueil","item":"https:\/\/galeriedoria.com\/en\/"},{"@type":"ListItem","position":2,"name":"Ressources","item":"https:\/\/galeriedoria.com\/en\/ressources\/"},{"@type":"ListItem","position":3,"name":"Documents"}]},{"@type":"WebSite","@id":"https:\/\/galeriedoria.com\/#website","url":"https:\/\/galeriedoria.com\/","name":"Galerie Doria","description":"Galerie Doria","publisher":{"@id":"https:\/\/galeriedoria.com\/#organization"},"potentialAction":[{"@type":"SearchAction","target":{"@type":"EntryPoint","urlTemplate":"https:\/\/galeriedoria.com\/?s={search_term_string}"},"query-input":"required name=search_term_string"}],"inLanguage":"en-US"},{"@type":"Organization","@id":"https:\/\/galeriedoria.com\/#organization","name":"Galerie Doria","url":"https:\/\/galeriedoria.com\/","logo":{"@type":"ImageObject","inLanguage":"en-US","@id":"https:\/\/galeriedoria.com\/#\/schema\/logo\/image\/","url":"https:\/\/galeriedoria.com\/wp-content\/uploads\/2022\/12\/1.DORIA_.logogris.jpg","contentUrl":"https:\/\/galeriedoria.com\/wp-content\/uploads\/2022\/12\/1.DORIA_.logogris.jpg","width":2414,"height":349,"caption":"Galerie Doria"},"image":{"@id":"https:\/\/galeriedoria.com\/#\/schema\/logo\/image\/"},"sameAs":["https:\/\/www.instagram.com\/galeriedoria\/","https:\/\/www.facebook.com\/profile.php?id=100089701146059"]}]}},"_links":{"self":[{"href":"https:\/\/galeriedoria.com\/en\/wp-json\/wp\/v2\/pages\/1851","targetHints":{"allow":["GET"]}}],"collection":[{"href":"https:\/\/galeriedoria.com\/en\/wp-json\/wp\/v2\/pages"}],"about":[{"href":"https:\/\/galeriedoria.com\/en\/wp-json\/wp\/v2\/types\/page"}],"author":[{"embeddable":true,"href":"https:\/\/galeriedoria.com\/en\/wp-json\/wp\/v2\/users\/1"}],"replies":[{"embeddable":true,"href":"https:\/\/galeriedoria.com\/en\/wp-json\/wp\/v2\/comments?post=1851"}],"version-history":[{"count":4,"href":"https:\/\/galeriedoria.com\/en\/wp-json\/wp\/v2\/pages\/1851\/revisions"}],"predecessor-version":[{"id":1925,"href":"https:\/\/galeriedoria.com\/en\/wp-json\/wp\/v2\/pages\/1851\/revisions\/1925"}],"up":[{"embeddable":true,"href":"https:\/\/galeriedoria.com\/en\/wp-json\/wp\/v2\/pages\/1861"}],"wp:attachment":[{"href":"https:\/\/galeriedoria.com\/en\/wp-json\/wp\/v2\/media?parent=1851"}],"curies":[{"name":"wp","href":"https:\/\/api.w.org\/{rel}","templated":true}]}}